{"id":375,"date":"2024-05-01T05:09:01","date_gmt":"2024-05-01T05:09:01","guid":{"rendered":"https:\/\/am-rad-haus.de\/?page_id=375"},"modified":"2026-01-05T12:35:36","modified_gmt":"2026-01-05T12:35:36","slug":"deals","status":"publish","type":"page","link":"https:\/\/am-rad-haus.de\/?page_id=375","title":{"rendered":"Lieferservice"},"content":{"rendered":"\n<div style=\"height:50px\" aria-hidden=\"true\" class=\"wp-block-spacer\"><\/div>\n\n\n\n<figure class=\"wp-block-image size-large\"><img loading=\"lazy\" decoding=\"async\" width=\"768\" height=\"1024\" src=\"https:\/\/am-rad-haus.de\/wp-content\/uploads\/2026\/01\/WhatsApp-Image-Lieferung-768x1024.jpeg\" alt=\"\" class=\"wp-image-765\" srcset=\"https:\/\/am-rad-haus.de\/wp-content\/uploads\/2026\/01\/WhatsApp-Image-Lieferung-768x1024.jpeg 768w, https:\/\/am-rad-haus.de\/wp-content\/uploads\/2026\/01\/WhatsApp-Image-Lieferung-225x300.jpeg 225w, https:\/\/am-rad-haus.de\/wp-content\/uploads\/2026\/01\/WhatsApp-Image-Lieferung-1152x1536.jpeg 1152w, https:\/\/am-rad-haus.de\/wp-content\/uploads\/2026\/01\/WhatsApp-Image-Lieferung.jpeg 1200w\" sizes=\"auto, (max-width: 768px) 100vw, 768px\" \/><\/figure>\n\n\n\n<div style=\"height:50px\" aria-hidden=\"true\" class=\"wp-block-spacer\"><\/div>\n\n\n<p style=\"font-weight: 400;\"><strong>Willkommen auf unserer Lieferservice Seite!<\/strong><\/p>\n<p style=\"font-weight: 400;\">Hier findet ihr alle Infos zu unserer Dienstleistung.<\/p>\n<p>Was transportieren Wir?<\/p>\n<ul>\n<li style=\"font-weight: 400;\">Abholung von Serviceauftr\u00e4gen (R\u00e4dern bis 220cm L\u00e4nge)<\/li>\n<li style=\"font-weight: 400;\">Lieferung von fertigen Serviceauftr\u00e4gen (R\u00e4dern bis 220cm L\u00e4nge)<\/li>\n<li style=\"font-weight: 400;\">Lieferung von Neur\u00e4dern<\/li>\n<li style=\"font-weight: 400;\">Abholung von Mietr\u00e4dern<\/li>\n<li style=\"font-weight: 400;\">Lieferung von Mietr\u00e4dern<\/li>\n<li style=\"font-weight: 400;\">Lieferung von Artikeln rund ums Rad<\/li>\n<li style=\"font-weight: 400;\">Lieferung aller Artikel aus unseren Kleinanzeigenshop <a href=\"https:\/\/www.kleinanzeigen.de\/pro\/am-rad-haus-gmbh--1-2-3-4\">https:\/\/www.kleinanzeigen.de\/pro\/am-rad-haus-gmbh&#8211;1-2-3-4<\/a><\/li>\n<\/ul>\n<p>&nbsp;<\/p>\n<p>Was kostet die Abholung oder Lieferung?<\/p>\n<ul>\n<li>innerhalb Bernaus 29,- \u20ac<\/li>\n<li>Umkreis 20 Kilometer 39,- \u20ac<\/li>\n<li>Umkreis 50 Kilometer 79,- \u20ac<\/li>\n<\/ul>\n<p>&nbsp;<\/p>\n<p>F\u00fcr Kombiangebote oder l\u00e4ngere Strecken kontaktiert uns gerne!<\/p>\n<ul>\n<li>Mail: info@am-rad-haus.de<\/li>\n<li>Telefon: 03338\/3405403<\/li>\n<\/ul>\n\n\n<div style=\"height:50px\" aria-hidden=\"true\" class=\"wp-block-spacer\"><\/div>\n\n\n\n<div style=\"height:50px\" aria-hidden=\"true\" class=\"wp-block-spacer\"><\/div>\n\n\n\n<div style=\"height:50px\" aria-hidden=\"true\" class=\"wp-block-spacer\"><\/div>\n\n\n\n<figure class=\"wp-block-image size-full\"><a href=\"https:\/\/www.kleinanzeigen.de\/pro\/am-rad-haus-gmbh--1-2-3-4\"><img loading=\"lazy\" decoding=\"async\" width=\"965\" height=\"240\" src=\"https:\/\/am-rad-haus.de\/wp-content\/uploads\/2024\/04\/Kleinanzeigen.png\" alt=\"\" class=\"wp-image-493\" srcset=\"https:\/\/am-rad-haus.de\/wp-content\/uploads\/2024\/04\/Kleinanzeigen.png 965w, https:\/\/am-rad-haus.de\/wp-content\/uploads\/2024\/04\/Kleinanzeigen-300x75.png 300w, https:\/\/am-rad-haus.de\/wp-content\/uploads\/2024\/04\/Kleinanzeigen-768x191.png 768w\" sizes=\"auto, (max-width: 965px) 100vw, 965px\" \/><\/a><\/figure>\n","protected":false},"excerpt":{"rendered":"<p>Willkommen auf unserer Lieferservice Seite! Hier findet ihr alle Infos zu unserer Dienstleistung. Was transportieren Wir? Abholung von Serviceauftr\u00e4gen (R\u00e4dern bis 220cm L\u00e4nge) Lieferung von fertigen Serviceauftr\u00e4gen (R\u00e4dern bis 220cm L\u00e4nge) Lieferung von Neur\u00e4dern Abholung von Mietr\u00e4dern Lieferung von Mietr\u00e4dern Lieferung von Artikeln rund ums Rad Lieferung aller Artikel aus unseren Kleinanzeigenshop https:\/\/www.kleinanzeigen.de\/pro\/am-rad-haus-gmbh&#8211;1-2-3-4 &nbsp; Was [&hellip;]<\/p>\n","protected":false},"author":1,"featured_media":0,"parent":0,"menu_order":0,"comment_status":"closed","ping_status":"closed","template":"","meta":{"footnotes":""},"class_list":["post-375","page","type-page","status-publish","hentry"],"_links":{"self":[{"href":"https:\/\/am-rad-haus.de\/index.php?rest_route=\/wp\/v2\/pages\/375","targetHints":{"allow":["GET"]}}],"collection":[{"href":"https:\/\/am-rad-haus.de\/index.php?rest_route=\/wp\/v2\/pages"}],"about":[{"href":"https:\/\/am-rad-haus.de\/index.php?rest_route=\/wp\/v2\/types\/page"}],"author":[{"embeddable":true,"href":"https:\/\/am-rad-haus.de\/index.php?rest_route=\/wp\/v2\/users\/1"}],"replies":[{"embeddable":true,"href":"https:\/\/am-rad-haus.de\/index.php?rest_route=%2Fwp%2Fv2%2Fcomments&post=375"}],"version-history":[{"count":19,"href":"https:\/\/am-rad-haus.de\/index.php?rest_route=\/wp\/v2\/pages\/375\/revisions"}],"predecessor-version":[{"id":773,"href":"https:\/\/am-rad-haus.de\/index.php?rest_route=\/wp\/v2\/pages\/375\/revisions\/773"}],"wp:attachment":[{"href":"https:\/\/am-rad-haus.de\/index.php?rest_route=%2Fwp%2Fv2%2Fmedia&parent=375"}],"curies":[{"name":"wp","href":"https:\/\/api.w.org\/{rel}","templated":true}]}}