{"id":387,"date":"2024-04-29T07:34:29","date_gmt":"2024-04-29T07:34:29","guid":{"rendered":"https:\/\/am-rad-haus.de\/?page_id=387"},"modified":"2025-03-06T10:17:08","modified_gmt":"2025-03-06T10:17:08","slug":"fahrradverleih","status":"publish","type":"page","link":"https:\/\/am-rad-haus.de\/?page_id=387","title":{"rendered":"Fahrradverleih"},"content":{"rendered":"<div class=\"wp-block-image\">\n<figure class=\"aligncenter size-full\"><a href=\"https:\/\/536783-rental.e-vendo.de\/frontend\/#\/\"><img loading=\"lazy\" decoding=\"async\" width=\"986\" height=\"553\" src=\"https:\/\/am-rad-haus.de\/wp-content\/uploads\/2025\/03\/Verleih.png\" alt=\"\" class=\"wp-image-738\" srcset=\"https:\/\/am-rad-haus.de\/wp-content\/uploads\/2025\/03\/Verleih.png 986w, https:\/\/am-rad-haus.de\/wp-content\/uploads\/2025\/03\/Verleih-300x168.png 300w, https:\/\/am-rad-haus.de\/wp-content\/uploads\/2025\/03\/Verleih-768x431.png 768w\" sizes=\"auto, (max-width: 986px) 100vw, 986px\" \/><\/a><\/figure>\n<\/div>\n\n<\/p>\n<p>Egal ob f\u00fcr einen Tagestripp, f\u00fcr einen Wochenendausflug oder f\u00fcr eine ganze Woche, mit unserem Fahrradverleih seid ihr durchweg mobil. Dabei k\u00f6nnt ihr euch zwischen einem einfachen City-Bike, einem Lastenrad oder einem E-Bike entscheiden.<\/p>\n<p>Und die Sicherheit kommt ebenfalls nicht zu kurz. Ob Helm oder Vollkaskoschutz, wir bieten euch mit einer Mietrate den kompletten Service.\u00a0<\/p>","protected":false},"excerpt":{"rendered":"<p>Egal ob f\u00fcr einen Tagestripp, f\u00fcr einen Wochenendausflug oder f\u00fcr eine ganze Woche, mit unserem Fahrradverleih seid ihr durchweg mobil. Dabei k\u00f6nnt ihr euch zwischen einem einfachen City-Bike, einem Lastenrad oder einem E-Bike entscheiden. Und die Sicherheit kommt ebenfalls nicht zu kurz. Ob Helm oder Vollkaskoschutz, wir bieten euch mit einer Mietrate den kompletten Service.\u00a0<\/p>\n","protected":false},"author":1,"featured_media":0,"parent":0,"menu_order":0,"comment_status":"closed","ping_status":"closed","template":"","meta":{"footnotes":""},"class_list":["post-387","page","type-page","status-publish","hentry"],"_links":{"self":[{"href":"https:\/\/am-rad-haus.de\/index.php?rest_route=\/wp\/v2\/pages\/387","targetHints":{"allow":["GET"]}}],"collection":[{"href":"https:\/\/am-rad-haus.de\/index.php?rest_route=\/wp\/v2\/pages"}],"about":[{"href":"https:\/\/am-rad-haus.de\/index.php?rest_route=\/wp\/v2\/types\/page"}],"author":[{"embeddable":true,"href":"https:\/\/am-rad-haus.de\/index.php?rest_route=\/wp\/v2\/users\/1"}],"replies":[{"embeddable":true,"href":"https:\/\/am-rad-haus.de\/index.php?rest_route=%2Fwp%2Fv2%2Fcomments&post=387"}],"version-history":[{"count":7,"href":"https:\/\/am-rad-haus.de\/index.php?rest_route=\/wp\/v2\/pages\/387\/revisions"}],"predecessor-version":[{"id":740,"href":"https:\/\/am-rad-haus.de\/index.php?rest_route=\/wp\/v2\/pages\/387\/revisions\/740"}],"wp:attachment":[{"href":"https:\/\/am-rad-haus.de\/index.php?rest_route=%2Fwp%2Fv2%2Fmedia&parent=387"}],"curies":[{"name":"wp","href":"https:\/\/api.w.org\/{rel}","templated":true}]}}