{"id":544,"date":"2024-07-10T15:55:32","date_gmt":"2024-07-10T15:55:32","guid":{"rendered":"https:\/\/am-rad-haus.de\/?page_id=544"},"modified":"2024-07-10T15:55:33","modified_gmt":"2024-07-10T15:55:33","slug":"dienstrad-leasing","status":"publish","type":"page","link":"https:\/\/am-rad-haus.de\/?page_id=544","title":{"rendered":"Dienstrad-Leasing"},"content":{"rendered":"\n<div style=\"height:100px\" aria-hidden=\"true\" class=\"wp-block-spacer\"><\/div>\n\n\n<p style=\"font-weight: 400;\">Das Dienstrad ist einer der beliebtesten Benefits, und das mit gutem Grund: Wer ein Fahrrad oder E-Bike least, spart Geld, h\u00e4lt sich fit und ist nachhaltig unterwegs. Ein Dienstrad \u00fcber den Arbeitgeber zu leasen bietet Mitarbeitenden nicht nur Kosteneinsparung, Versicherung und Steuervorteile \u2013 Dienstrad-Leasing bedeutet, privat und beruflich nachhaltig mobil zu sein, etwas f\u00fcr die eigene Gesundheit zu tun und die Umwelt zu schonen. Nicht zuletzt ist Fahrradleasing einer der attraktivsten Benefits f\u00fcr Mitarbeitende.<\/p>\n<p style=\"font-weight: 400;\">\n<p style=\"font-weight: 400;\">Wir als Team der Am Rad-Haus GmbH m\u00f6chten euch dabei nat\u00fcrlich so gut es geht unterst\u00fctzen. Daher stellen wir euch alle namhaften Anbieter zur Auswahl und stehen euch nat\u00fcrlich gerne mit Rat und Tat zur Seite.<\/p>\n\n\n<div style=\"height:50px\" aria-hidden=\"true\" class=\"wp-block-spacer\"><\/div>\n\n\n\n<div class=\"wp-block-media-text is-stacked-on-mobile\" style=\"grid-template-columns:26% auto\"><figure class=\"wp-block-media-text__media\"><a href=\"https:\/\/www.jobrad.org\/arbeitnehmer\/ersparnis-berechnen.html?utm_source=google&amp;utm_medium=search&amp;utm_campaign=20240502_na_b2b4c_b2b4c_na_product_na_na_sitelink_conv_google_search_jobrad&amp;utm_content=sitelink_jobrad-rechner_na_na&amp;gad_source=1&amp;gclid=CjwKCAjwi_exBhA8EiwA_kU1Mq2iyITW_hKS4ybqqr3EESoxJ_t4PQraZtwhaOA0M93ZmK8rzpLKtxoCFmwQAvD_BwE \"><img loading=\"lazy\" decoding=\"async\" width=\"491\" height=\"185\" src=\"https:\/\/am-rad-haus.de\/wp-content\/uploads\/2024\/05\/Jobrad.png\" alt=\"\" class=\"wp-image-541 size-full\" srcset=\"https:\/\/am-rad-haus.de\/wp-content\/uploads\/2024\/05\/Jobrad.png 491w, https:\/\/am-rad-haus.de\/wp-content\/uploads\/2024\/05\/Jobrad-300x113.png 300w\" sizes=\"auto, (max-width: 491px) 100vw, 491px\" \/><\/a><\/figure><div class=\"wp-block-media-text__content\">\n<p>Als Mobilit\u00e4tsdienstleister organisiert JobRad mit einer digitalen Portall\u00f6sung unkompliziert und kostenneutrals\u00e4mtliche Prozesse im Dienstradleasing. Arbeitgeber erhalten mit dem Erfinder des Dienstrad-Leasings eine Rundum-Dienstleistung im Hinblick auf die Abwicklung von Leasing und die \u00dcberlassung des Dienstrades an die Mitarbeitenden. JobRad stellt daf\u00fcr alle n\u00f6tigen Vertr\u00e4ge und Abl\u00e4ufe zur Verf\u00fcgung.<\/p>\n<\/div><\/div>\n\n\n\n<div style=\"height:51px\" aria-hidden=\"true\" class=\"wp-block-spacer\"><\/div>\n\n\n\n<div class=\"wp-block-media-text has-media-on-the-right is-stacked-on-mobile\" style=\"grid-template-columns:auto 28%\"><div class=\"wp-block-media-text__content\">\n<p>Dieser Leasing-Rechner gibt Ihnen ein sehr gutes Gef\u00fchl daf\u00fcr, was Ihnen Ihr Traumrad monatlich im Fahrrad-Leasing kosten wird. Daf\u00fcr brauchen Sie lediglich den Preis Ihres Traumfahrrads und Ihr aktuelles Gehalt. Mit den erweiterten Einstellungen k\u00f6nnen Sie Ihre Ersparnis weiter verfeinern.<\/p>\n\n\n\n<p>Mit unserem Rechner berechnen Sie schnell und einfach Ihre Leasing-Kosten. Egal, ob&nbsp;<\/p>\n\n\n\n<p>E-Bike oder Lastenfahrrad, der Leasingrechner zeigt Ihnen, von welchen Preisvorteilen Sie mit BusinessBike profitieren!<\/p>\n<\/div><figure class=\"wp-block-media-text__media\"><a href=\"https:\/\/www.businessbike.de\/de\/rechner\/?_gl=1*1g52nyw*_up*MQ..&amp;gclid=CjwKCAjwi_exBhA8EiwA_kU1MjimSamVL0c0KTtXZjgJegz85nD0ARX4E8mo8zzxI2nf-jCSknPo2RoCJVIQAvD_BwE \"><img loading=\"lazy\" decoding=\"async\" width=\"491\" height=\"185\" src=\"https:\/\/am-rad-haus.de\/wp-content\/uploads\/2024\/05\/Businessbike.png\" alt=\"\" class=\"wp-image-538 size-full\" srcset=\"https:\/\/am-rad-haus.de\/wp-content\/uploads\/2024\/05\/Businessbike.png 491w, https:\/\/am-rad-haus.de\/wp-content\/uploads\/2024\/05\/Businessbike-300x113.png 300w\" sizes=\"auto, (max-width: 491px) 100vw, 491px\" \/><\/a><\/figure><\/div>\n\n\n\n<div style=\"height:50px\" aria-hidden=\"true\" class=\"wp-block-spacer\"><\/div>\n\n\n\n<div class=\"wp-block-media-text is-stacked-on-mobile\" style=\"grid-template-columns:24% auto\"><figure class=\"wp-block-media-text__media\"><a href=\"https:\/\/www.lease-a-bike.de\/rechner \"><img loading=\"lazy\" decoding=\"async\" width=\"491\" height=\"319\" src=\"https:\/\/am-rad-haus.de\/wp-content\/uploads\/2024\/05\/LeaseABike.png\" alt=\"\" class=\"wp-image-542 size-full\" srcset=\"https:\/\/am-rad-haus.de\/wp-content\/uploads\/2024\/05\/LeaseABike.png 491w, https:\/\/am-rad-haus.de\/wp-content\/uploads\/2024\/05\/LeaseABike-300x195.png 300w\" sizes=\"auto, (max-width: 491px) 100vw, 491px\" \/><\/a><\/figure><div class=\"wp-block-media-text__content\">\n<p>Radfahren ist gut f\u00fcr die Gesundheit und den Geldbeutel. Ein Dienstfahrrad kann bis zu 40 % g\u00fcnstiger sein im Vergleich zum Kauf. Durch die Gehaltsumwandlung beim Dienstrad Leasing reduziert sich das zu versteuernde Bruttogehalt und somit auch die Sozialabgaben und Steuern. Mit unserem Dienstrad Rechner k\u00f6nnen Sie ganz einfach sehen, wie viel Sie sparen k\u00f6nnen. Bitte beachten Sie, dass es sich bei der ausgegebenen Leasingrate um ein unverbindliches Kalkulationsbeispiel handelt.<\/p>\n<\/div><\/div>\n\n\n\n<div style=\"height:50px\" aria-hidden=\"true\" class=\"wp-block-spacer\"><\/div>\n\n\n\n<div class=\"wp-block-media-text has-media-on-the-right is-stacked-on-mobile\" style=\"grid-template-columns:auto 22%\"><div class=\"wp-block-media-text__content\">\n<p>Bikeleasing-Rechner f\u00fcr Arbeitnehmer: Ihr Dienstrad. Ihr Vorteil.<\/p>\n\n\n\n<p>Sparen Sie sich zeitraubende Staus, nervenaufreibende Parkplatzsuche und teure Anschaffungskosten f\u00fcr Ihr Traumfahrrad. Mit unserem Bikeleasing-Rechner k\u00f6nnen Sie Ihren individuellen Kostenvorteil beim Dienstrad-Leasing berechnen.<\/p>\n\n\n\n<p>Einfach den Preis Ihres Traumrads eingeben, Angaben zu Gehalt und Co. erg\u00e4nzen und erfahren, wie viel Sie sparen k\u00f6nnen.<\/p>\n<\/div><figure class=\"wp-block-media-text__media\"><a href=\"https:\/\/bikeleasing.de\/leasingrechner\/arbeitnehmer?_gl=1*nw6aut*_up*MQ..&amp;gclid=CjwKCAjwi_exBhA8EiwA_kU1MuSz5jc3CUyo6NyiUZFhOl2WLZ1l7iKCZnn8G1R0M6atdoxTPzZjFRoCw1UQAvD_BwE \"><img loading=\"lazy\" decoding=\"async\" width=\"500\" height=\"189\" src=\"https:\/\/am-rad-haus.de\/wp-content\/uploads\/2024\/05\/Bikeleasing.png\" alt=\"\" class=\"wp-image-537 size-full\" srcset=\"https:\/\/am-rad-haus.de\/wp-content\/uploads\/2024\/05\/Bikeleasing.png 500w, https:\/\/am-rad-haus.de\/wp-content\/uploads\/2024\/05\/Bikeleasing-300x113.png 300w\" sizes=\"auto, (max-width: 500px) 100vw, 500px\" \/><\/a><\/figure><\/div>\n\n\n\n<div style=\"height:49px\" aria-hidden=\"true\" class=\"wp-block-spacer\"><\/div>\n\n\n\n<div class=\"wp-block-media-text is-stacked-on-mobile\" style=\"grid-template-columns:27% auto\"><figure class=\"wp-block-media-text__media\"><img loading=\"lazy\" decoding=\"async\" width=\"491\" height=\"185\" src=\"https:\/\/am-rad-haus.de\/wp-content\/uploads\/2024\/05\/MeinDienstrad.png\" alt=\"\" class=\"wp-image-543 size-full\" srcset=\"https:\/\/am-rad-haus.de\/wp-content\/uploads\/2024\/05\/MeinDienstrad.png 491w, https:\/\/am-rad-haus.de\/wp-content\/uploads\/2024\/05\/MeinDienstrad-300x113.png 300w\" sizes=\"auto, (max-width: 491px) 100vw, 491px\" \/><\/figure><div class=\"wp-block-media-text__content\">\n<p>Auf Dienstrad-Leasing k\u00f6nnen Sie z\u00e4hlen: Wenn Sie Ihr Wunsch-Bike \u00fcber Ihren Arbeitgeber leasen, sparen Sie rund 40 % gegen\u00fcber einem Direktkauf. Mehr erfahren Sie in unserem Fahrrad-Leasingrechner.<\/p>\n<\/div><\/div>\n\n\n\n<div style=\"height:50px\" aria-hidden=\"true\" class=\"wp-block-spacer\"><\/div>\n\n\n\n<div class=\"wp-block-media-text has-media-on-the-right is-stacked-on-mobile\" style=\"grid-template-columns:auto 29%\"><div class=\"wp-block-media-text__content\">\n<p>Leasing so einfach wie noch nie: Sparen Sie bis zu 40% im Vergleich zum Privatkauf, indem Sie Ihr Fahrrad oder eBike \u00fcber Deutsche Dienstrad beziehen. Profitieren Sie online von einer riesigen Auswahl in unserem MobilityHub oder besuchen Sie einen Fachh\u00e4ndler oder Online-Shop Ihrer Wahl.&nbsp;<\/p>\n<\/div><figure class=\"wp-block-media-text__media\"><a href=\"https:\/\/www.deutsche-dienstrad.de\/jetzt-berechnen\/ \"><img loading=\"lazy\" decoding=\"async\" width=\"491\" height=\"185\" src=\"https:\/\/am-rad-haus.de\/wp-content\/uploads\/2024\/05\/Deutsche-Dienstrad.png\" alt=\"\" class=\"wp-image-540 size-full\" srcset=\"https:\/\/am-rad-haus.de\/wp-content\/uploads\/2024\/05\/Deutsche-Dienstrad.png 491w, https:\/\/am-rad-haus.de\/wp-content\/uploads\/2024\/05\/Deutsche-Dienstrad-300x113.png 300w\" sizes=\"auto, (max-width: 491px) 100vw, 491px\" \/><\/a><\/figure><\/div>\n\n\n\n<div style=\"height:52px\" aria-hidden=\"true\" class=\"wp-block-spacer\"><\/div>\n\n\n\n<div class=\"wp-block-media-text is-stacked-on-mobile\" style=\"grid-template-columns:27% auto\"><figure class=\"wp-block-media-text__media\"><a href=\"https:\/\/company-bike.com \"><img loading=\"lazy\" decoding=\"async\" width=\"491\" height=\"185\" src=\"https:\/\/am-rad-haus.de\/wp-content\/uploads\/2024\/05\/Company-Bike.png\" alt=\"\" class=\"wp-image-539 size-full\" srcset=\"https:\/\/am-rad-haus.de\/wp-content\/uploads\/2024\/05\/Company-Bike.png 491w, https:\/\/am-rad-haus.de\/wp-content\/uploads\/2024\/05\/Company-Bike-300x113.png 300w\" sizes=\"auto, (max-width: 491px) 100vw, 491px\" \/><\/a><\/figure><div class=\"wp-block-media-text__content\">\n<p>Fahrrad-Leasing f\u00fcr Konzerne und Mittelstands-Unternehmen ab 500 Mitarbeitende ist bereits seit 2012 unsere Expertise. Exklusiv kommen wir mit unserem Service direkt an den Arbeitsplatz und erf\u00fcllen den Bedarf an ein attraktives und aufwandsarmes Firmenrad-Angebot. Unsere Kundenreferenzen sprechen f\u00fcr unseren Erfolg und sind f\u00fcr uns Best\u00e4tigung und Motivation zugleich.<\/p>\n\n\n\n<p>Lernen Sie unser einzigartiges Angebot kennen.<\/p>\n<\/div><\/div>\n","protected":false},"excerpt":{"rendered":"<p>Das Dienstrad ist einer der beliebtesten Benefits, und das mit gutem Grund: Wer ein Fahrrad oder E-Bike least, spart Geld, h\u00e4lt sich fit und ist nachhaltig unterwegs. Ein Dienstrad \u00fcber den Arbeitgeber zu leasen bietet Mitarbeitenden nicht nur Kosteneinsparung, Versicherung und Steuervorteile \u2013 Dienstrad-Leasing bedeutet, privat und beruflich nachhaltig mobil zu sein, etwas f\u00fcr die [&hellip;]<\/p>\n","protected":false},"author":1,"featured_media":0,"parent":0,"menu_order":0,"comment_status":"closed","ping_status":"closed","template":"","meta":{"footnotes":""},"class_list":["post-544","page","type-page","status-publish","hentry"],"_links":{"self":[{"href":"https:\/\/am-rad-haus.de\/index.php?rest_route=\/wp\/v2\/pages\/544","targetHints":{"allow":["GET"]}}],"collection":[{"href":"https:\/\/am-rad-haus.de\/index.php?rest_route=\/wp\/v2\/pages"}],"about":[{"href":"https:\/\/am-rad-haus.de\/index.php?rest_route=\/wp\/v2\/types\/page"}],"author":[{"embeddable":true,"href":"https:\/\/am-rad-haus.de\/index.php?rest_route=\/wp\/v2\/users\/1"}],"replies":[{"embeddable":true,"href":"https:\/\/am-rad-haus.de\/index.php?rest_route=%2Fwp%2Fv2%2Fcomments&post=544"}],"version-history":[{"count":2,"href":"https:\/\/am-rad-haus.de\/index.php?rest_route=\/wp\/v2\/pages\/544\/revisions"}],"predecessor-version":[{"id":546,"href":"https:\/\/am-rad-haus.de\/index.php?rest_route=\/wp\/v2\/pages\/544\/revisions\/546"}],"wp:attachment":[{"href":"https:\/\/am-rad-haus.de\/index.php?rest_route=%2Fwp%2Fv2%2Fmedia&parent=544"}],"curies":[{"name":"wp","href":"https:\/\/api.w.org\/{rel}","templated":true}]}}