{"id":556,"date":"2024-07-10T15:56:03","date_gmt":"2024-07-10T15:56:03","guid":{"rendered":"https:\/\/am-rad-haus.de\/?page_id=556"},"modified":"2024-07-16T14:32:04","modified_gmt":"2024-07-16T14:32:04","slug":"fahrradversicherung","status":"publish","type":"page","link":"https:\/\/am-rad-haus.de\/?page_id=556","title":{"rendered":"Fahrradversicherung"},"content":{"rendered":"<div class=\"wp-block-image\">\n<figure class=\"aligncenter size-large is-resized\"><img loading=\"lazy\" decoding=\"async\" width=\"1024\" height=\"576\" src=\"https:\/\/am-rad-haus.de\/wp-content\/uploads\/2024\/05\/Versicherung-1024x576.png\" alt=\"\" class=\"wp-image-557\" style=\"width:964px;height:auto\" srcset=\"https:\/\/am-rad-haus.de\/wp-content\/uploads\/2024\/05\/Versicherung-1024x576.png 1024w, https:\/\/am-rad-haus.de\/wp-content\/uploads\/2024\/05\/Versicherung-300x169.png 300w, https:\/\/am-rad-haus.de\/wp-content\/uploads\/2024\/05\/Versicherung-768x432.png 768w, https:\/\/am-rad-haus.de\/wp-content\/uploads\/2024\/05\/Versicherung.png 1366w\" sizes=\"auto, (max-width: 1024px) 100vw, 1024px\" \/><\/figure>\n<\/div>\n\n\n<div style=\"height:99px\" aria-hidden=\"true\" class=\"wp-block-spacer\"><\/div>\n\n\n\n<div class=\"wp-block-media-text is-stacked-on-mobile\" style=\"grid-template-columns:15% auto\"><figure class=\"wp-block-media-text__media\"><img loading=\"lazy\" decoding=\"async\" width=\"273\" height=\"273\" src=\"https:\/\/am-rad-haus.de\/wp-content\/uploads\/2024\/04\/Versicherungen.png\" alt=\"\" class=\"wp-image-474 size-full\" srcset=\"https:\/\/am-rad-haus.de\/wp-content\/uploads\/2024\/04\/Versicherungen.png 273w, https:\/\/am-rad-haus.de\/wp-content\/uploads\/2024\/04\/Versicherungen-150x150.png 150w\" sizes=\"auto, (max-width: 273px) 100vw, 273px\" \/><\/figure><div class=\"wp-block-media-text__content\">\n<p>Sicherheit steht an erster Stelle \u2013 auch beim Fahrradfahren. Unsere umfassenden Fahrradversicherungen bieten Schutz vor Diebstahl, Unf\u00e4llen und anderen unvorhergesehenen Ereignissen. Fahre sorgenfrei und mit dem Wissen, dass dein Fahrrad in besten H\u00e4nden ist. Mit verschiedenen Deckungsoptionen und erschwinglichen Pr\u00e4mien haben wir die richtige Versicherung f\u00fcr jeden Fahrradfahrer.<\/p>\n<\/div><\/div>\n\n\n<div class=\"wp-block-image\">\n<figure class=\"aligncenter size-full is-resized\"><a href=\"https:\/\/www.allianz-geraeteversicherung.de\/bs\/115363\"><img loading=\"lazy\" decoding=\"async\" width=\"199\" height=\"51\" src=\"https:\/\/am-rad-haus.de\/wp-content\/uploads\/2024\/04\/mehr-lesen.png\" alt=\"\" class=\"wp-image-475\" style=\"width:110px;height:auto\"\/><\/a><\/figure>\n<\/div>\n\n\n<div style=\"height:50px\" aria-hidden=\"true\" class=\"wp-block-spacer\"><\/div>\n\n\n\n<div class=\"wp-block-media-text has-media-on-the-right is-stacked-on-mobile\" style=\"grid-template-columns:auto 34%\"><div class=\"wp-block-media-text__content\">\n<p>Im Schadenfall wei\u00dft Du nicht, was Du tun mu\u00dft? Kein Problem &#8211; mit der Generalvertretung Martin Schulz aus Berlin Karow haben wir einen leistungsstarken Partner an unserer Seite. Martin und sein Team stehen Dir f\u00fcr alle Fragen zur Verf\u00fcgung. #200pulskommzuschulz<\/p>\n<\/div><figure class=\"wp-block-media-text__media\"><img loading=\"lazy\" decoding=\"async\" width=\"1024\" height=\"791\" src=\"https:\/\/am-rad-haus.de\/wp-content\/uploads\/2024\/05\/BIld-13-1024x791.jpg\" alt=\"\" class=\"wp-image-558 size-full\" srcset=\"https:\/\/am-rad-haus.de\/wp-content\/uploads\/2024\/05\/BIld-13-1024x791.jpg 1024w, https:\/\/am-rad-haus.de\/wp-content\/uploads\/2024\/05\/BIld-13-300x232.jpg 300w, https:\/\/am-rad-haus.de\/wp-content\/uploads\/2024\/05\/BIld-13-768x593.jpg 768w, https:\/\/am-rad-haus.de\/wp-content\/uploads\/2024\/05\/BIld-13-1536x1186.jpg 1536w, https:\/\/am-rad-haus.de\/wp-content\/uploads\/2024\/05\/BIld-13-2048x1581.jpg 2048w\" sizes=\"auto, (max-width: 1024px) 100vw, 1024px\" \/><\/figure><\/div>\n\n\n<div class=\"wp-block-image\">\n<figure class=\"aligncenter size-full is-resized\"><a href=\"https:\/\/vertretung.allianz.de\/versicherungsbuero.schulz\/?AZDforeignUVID=azdallianzde%7Catl%7CvisitID%7C6ca82647-dcd6-4255-bba2-424c66b06500&amp;AZDforeignUVID=azdallianzde%7Catl%7CvisitorID%7C46f5aa6f-4151-466d-8ac7-2a0e2f38a83f&amp;AZDforeignUVID=azdallianzde%7Catl%7CvisitID%7C6ca82647-dcd6-4255-bba2-424c66b06500&amp;AZDforeignUVID=azdallianzde%7Catl%7CvisitorID%7C46f5aa6f-4151-466d-8ac7-2a0e2f38a83f\"><img loading=\"lazy\" decoding=\"async\" width=\"199\" height=\"51\" src=\"https:\/\/am-rad-haus.de\/wp-content\/uploads\/2024\/04\/mehr-lesen.png\" alt=\"\" class=\"wp-image-475\" style=\"width:106px;height:auto\"\/><\/a><\/figure>\n<\/div>","protected":false},"excerpt":{"rendered":"<p>Sicherheit steht an erster Stelle \u2013 auch beim Fahrradfahren. Unsere umfassenden Fahrradversicherungen bieten Schutz vor Diebstahl, Unf\u00e4llen und anderen unvorhergesehenen Ereignissen. Fahre sorgenfrei und mit dem Wissen, dass dein Fahrrad in besten H\u00e4nden ist. Mit verschiedenen Deckungsoptionen und erschwinglichen Pr\u00e4mien haben wir die richtige Versicherung f\u00fcr jeden Fahrradfahrer. Im Schadenfall wei\u00dft Du nicht, was Du [&hellip;]<\/p>\n","protected":false},"author":1,"featured_media":0,"parent":0,"menu_order":0,"comment_status":"closed","ping_status":"closed","template":"","meta":{"footnotes":""},"class_list":["post-556","page","type-page","status-publish","hentry"],"_links":{"self":[{"href":"https:\/\/am-rad-haus.de\/index.php?rest_route=\/wp\/v2\/pages\/556","targetHints":{"allow":["GET"]}}],"collection":[{"href":"https:\/\/am-rad-haus.de\/index.php?rest_route=\/wp\/v2\/pages"}],"about":[{"href":"https:\/\/am-rad-haus.de\/index.php?rest_route=\/wp\/v2\/types\/page"}],"author":[{"embeddable":true,"href":"https:\/\/am-rad-haus.de\/index.php?rest_route=\/wp\/v2\/users\/1"}],"replies":[{"embeddable":true,"href":"https:\/\/am-rad-haus.de\/index.php?rest_route=%2Fwp%2Fv2%2Fcomments&post=556"}],"version-history":[{"count":4,"href":"https:\/\/am-rad-haus.de\/index.php?rest_route=\/wp\/v2\/pages\/556\/revisions"}],"predecessor-version":[{"id":656,"href":"https:\/\/am-rad-haus.de\/index.php?rest_route=\/wp\/v2\/pages\/556\/revisions\/656"}],"wp:attachment":[{"href":"https:\/\/am-rad-haus.de\/index.php?rest_route=%2Fwp%2Fv2%2Fmedia&parent=556"}],"curies":[{"name":"wp","href":"https:\/\/api.w.org\/{rel}","templated":true}]}}