{"id":65,"date":"2021-06-07T13:52:15","date_gmt":"2021-06-07T13:52:15","guid":{"rendered":"https:\/\/am-rad-haus.de\/?page_id=65"},"modified":"2024-04-30T09:49:24","modified_gmt":"2024-04-30T09:49:24","slug":"impressum-2","status":"publish","type":"page","link":"https:\/\/am-rad-haus.de\/?page_id=65","title":{"rendered":"Impressum"},"content":{"rendered":"\n<p>Informationspflicht laut \u00a7 5 TMG.<\/p>\n\n\n\n<p>Am Rad-Haus GmbH<br>B\u00fcrgermeisterstra\u00dfe 5<br>16321 Bernau,<br>Deutschland<\/p>\n\n\n\n<p><strong>UID-Nummer:<\/strong> DE341505717<br><strong>Register:<\/strong> Handelsregister<br><strong>Registernummer:<\/strong> HRB 18577<br><strong>Registergericht:<\/strong> Frankfurt (Oder)<\/p>\n\n\n\n<p><strong>Gesch\u00e4ftsf\u00fchrer<\/strong>: Enrico K\u00fcbler<\/p>\n\n\n\n<p><strong>Tel<\/strong>.: 033383405403<br><strong>E-Mail:<\/strong> <a href=\"mailto:info@am-rad-haus.de\">info@am-rad-haus.de<\/a><\/p>\n\n\n\n<p>Haftung f\u00fcr Inhalte<\/p>\n\n\n\n<p>Als Diensteanbieter sind wir gem\u00e4\u00df \u00a7 7 Abs.1 TMG f\u00fcr eigene Inhalte auf diesen Seiten nach den allgemeinen Gesetzen verantwortlich. Nach \u00a7\u00a7 8 bis 10 TMG sind wir als Diensteanbieter jedoch nicht verpflichtet, \u00fcbermittelte oder gespeicherte fremde Informationen zu \u00fcberwachen oder nach Umst\u00e4nden zu forschen, die auf eine rechtswidrige T\u00e4tigkeit hinweisen. Verpflichtungen zur Entfernung oder Sperrung der Nutzung von Informationen nach den allgemeinen Gesetzen bleiben hiervon unber\u00fchrt. Eine diesbez\u00fcgliche Haftung ist jedoch erst ab dem Zeitpunkt der Kenntnis einer konkreten Rechtsverletzung m\u00f6glich. Bei Bekanntwerden von entsprechenden Rechtsverletzungen werden wir diese Inhalte umgehend entfernen.<\/p>\n\n\n\n<p>Haftung f\u00fcr Links<\/p>\n\n\n\n<p>Unser Angebot enth\u00e4lt Links zu externen Webseiten Dritter, auf deren Inhalte wir keinen Einfluss haben. Deshalb k\u00f6nnen wir f\u00fcr diese fremden Inhalte auch keine Gew\u00e4hr \u00fcbernehmen. F\u00fcr die Inhalte der verlinkten Seiten ist stets der jeweilige Anbieter oder Betreiber der Seiten verantwortlich. Die verlinkten Seiten wurden zum Zeitpunkt der Verlinkung auf m\u00f6gliche Rechtsverst\u00f6\u00dfe \u00fcberpr\u00fcft. Rechtswidrige Inhalte waren zum Zeitpunkt der Verlinkung nicht erkennbar. Eine permanente inhaltliche Kontrolle der verlinkten Seiten ist jedoch ohne konkrete Anhaltspunkte einer Rechtsverletzung nicht zumutbar. Bei Bekanntwerden von Rechtsverletzungen werden wir derartige Links umgehend entfernen.<\/p>\n\n\n\n<p>Urheberrecht<\/p>\n\n\n\n<p>Die durch die Seitenbetreiber erstellten Inhalte und Werke auf diesen Seiten unterliegen dem deutschen Urheberrecht. Die Vervielf\u00e4ltigung, Bearbeitung, Verbreitung und jede Art der Verwertung au\u00dferhalb der Grenzen des Urheberrechtes bed\u00fcrfen der schriftlichen Zustimmung des jeweiligen Autors bzw. Erstellers. Downloads und Kopien dieser Seite sind nur f\u00fcr den privaten, nicht kommerziellen Gebrauch gestattet. Soweit die Inhalte auf dieser Seite nicht vom Betreiber erstellt wurden, werden die Urheberrechte Dritter beachtet. Insbesondere werden Inhalte Dritter als solche gekennzeichnet. Sollten Sie trotzdem auf eine Urheberrechtsverletzung aufmerksam werden, bitten wir um einen entsprechenden Hinweis. Bei Bekanntwerden von Rechtsverletzungen werden wir derartige Inhalte umgehend entfernen.<\/p>\n\n\n\n<p>Hinweis:<\/p>\n\n\n\n<p>Der Nutzung von im Rahmen der Impressumspflicht ver\u00f6ffentlichten Kontaktdaten durch Dritte zur \u00dcbersendung von nicht ausdr\u00fccklich angeforderter Werbung und Informationsmaterialien wird hiermit ausdr\u00fccklich widersprochen. Die Betreiber der Seiten behalten sich ausdr\u00fccklich rechtliche Schritte im Falle der unverlangten Zusendung von Werbeinformationen oder Werbeanrufen vor.<\/p>\n\n\n\n<p>Datenschutzerkl\u00e4rung i.S.d. \u00a7 13 TMG:<\/p>\n\n\n\n<p>Datenschutzhinweis<br>Wir sichern Ihnen hiermit zu, dass wir bei der Erhebung, Verarbeitung und Nutzung Ihrer personenbezogenen Daten die gesetzlichen Vorschriften beachten. Nachfolgenden Ausf\u00fchrungen entnehmen Sie bitte die Informationen, welche Daten erfasst und wie diese genutzt werden:<\/p>\n\n\n\n<p>Personenbezogene Daten<br>Innerhalb dieser Internetseite besteht die M\u00f6glichkeit, uns personenbezogene Daten zu \u00fcbermitteln. Personenbezogene Daten sind Informationen, die genutzt werden k\u00f6nnen, um Ihre Identit\u00e4t zu erfahren. Hierzu z\u00e4hlen Informationen wie z.B. Name, Adresse, Postanschrift, Telefonnummer und E-Mail-Adresse. Wir speichern und behandeln Ihre personenbezogenen Daten nach Ma\u00dfgabe der anwendbaren Datenschutzbestimmungen.<\/p>\n\n\n\n<p>Wir versichern Ihnen, dass wir die personenbezogenen Daten absolut vertraulich behandeln und nur mit gesonderter Zustimmung an Dritte weiterleiten. Wir verwenden Ihre pers\u00f6nlichen Daten ausschlie\u00dflich zur Abwicklung Ihrer Anfrage.<\/p>\n\n\n\n<p>Wenn Sie unseren Newsletter bestellen, speichern wir Ihre E-Mail-Adresse sowie Ihren Vornamen und Nachnamen und nutzen diese Daten ausschlie\u00dflich zum Versand von Newslettern. Die Daten werden nicht an Dritte weitergegeben. Sie k\u00f6nnen sich aus dem Newsletter-Verteiler jederzeit austragen. Senden Sie einfach eine E-Mail an <a href=\"mailto:info@am-rad-haus.de\">info@am-rad-haus.de<\/a> . Sie erhalten dann eine Best\u00e4tigungs-E-Mail \u00fcber die L\u00f6schung Ihrer Daten.<\/p>\n\n\n\n<p>Wir weisen darauf hin, dass der Datenschutz in offenen Netzen wie dem Internet nach dem derzeitigen Stand der Technik nicht vollst\u00e4ndig gew\u00e4hrleistet werden kann. Wir empfehlen Ihnen daher, uns vertrauliche Informationen ausschlie\u00dflich \u00fcber den Postweg zukommen zu lassen.<\/p>\n\n\n\n<p>Zugriffsdaten<br>Bei jedem Seitenzugriff werden Zugriffsdaten \u00fcber diesen Vorgang in einer Log-Datei gespeichert. In Verbindung mit dem Zugriff erhalten wir Nutzungsdaten, die vor\u00fcbergehend f\u00fcr statistische Zwecke gespeichert und anschlie\u00dfend gel\u00f6scht werden.<\/p>\n\n\n\n<p>Protokolldaten werden ausschlie\u00dflich zu internen Zwecken erhoben und nicht an Dritte weitergeleitet. Hierzu geh\u00f6ren<br>\u2013 Namen der abgerufenen Dateien<br>\u2013 das Datum und die Uhrzeit des Abrufes<br>\u2013 die \u00fcbertragene Datenmenge<br>\u2013 Meldungen \u00fcber einen erfolgreichen Abruf<br>\u2013 verwendeter Webbrowser<br>\u2013 anfragende Domain<br>\u2013 IP-Adresse<\/p>\n\n\n\n<p>Wir weisen darauf hin, dass die IP-Adresse unkenntlich gemacht wird, um einen direkten Bezug zu einer Person auszuschlie\u00dfen.<\/p>\n\n\n\n<p>Diese Daten werden nicht bestimmten Personen zugeordnet. Individuelle Nutzerprofile werden nicht angefertigt.<\/p>\n\n\n\n<p>Cookies<br>Wir setzten auf dieser Internet-Seite so genannte Cookies ein, um web-basierten Applikationen die M\u00f6glichkeit zu geben, den Status eines Online-Besuches zu verwalten und eine reibungslose Navigation zwischen den einzelnen Diensten und Inhalten auf der Website zu erm\u00f6glichen. Cookies<br>werden auf der Festplatte Ihres Computers abgespeichert und richten dort keinen Schaden an.<\/p>\n\n\n\n<p>Ein Cookie ist eine kleine Datendatei, die von dem Webserver auf Ihrem Computer \u00fcbertragen wird, sofern Sie auf unseren Seiten surfen. Ein Cookie enth\u00e4lt nur Informationen, die wir selbst an Ihren Rechner senden? private Daten lassen sich mit einem Cookie nicht auslesen. Wenn Cookies von Ihnen akzeptiert werden, haben wir keinen Zugriff auf Ihre pers\u00f6nlichen Informationen. Individuelle Nutzerprofile werden nicht angefertigt. Wir k\u00f6nnen aber mit Hilfe der Cookies Ihren Computer identifizieren.<\/p>\n\n\n\n<p>Die meisten Browser akzeptieren Cookies standardm\u00e4\u00dfig. In den Sicherheitseinstellungen k\u00f6nnen Cookies zugelassen oder verboten werden. Bitte verwenden Sie die Hilfefunktionen Ihres Internetbrowsers, um zu erfahren, wie Sie diese Einstellungen \u00e4ndern k\u00f6nnen. Wenn Cookies verboten werden, so stehen unter Umst\u00e4nden bestimmte Features auf unseren Seiten nicht zur Verf\u00fcgung und einige Webseiten werden m\u00f6glicherweise nicht richtig angezeigt.<\/p>\n\n\n\n<p>Google Analytics<br>Diese Website benutzt Google Analytics, einen Webanalysedienst der Google Inc. (\u201eGoogle\u201c). Google Analytics verwendet sog. Cookies, Textdateien, die auf Ihrem Computer gespeichert werden und die eine Analyse der Benutzung der Website durch Sie erm\u00f6glichen. Die durch das Cookie erzeugten Informationen \u00fcber Ihre Benutzung dieser Website (einschlie\u00dflich Ihrer IP-Adresse) wird an einen Server von Google in den USA \u00fcbertragen und dort gespeichert. Google wird diese Informationen benutzen, um Ihre Nutzung der Website auszuwerten, um Reports \u00fcber die Websiteaktivit\u00e4ten f\u00fcr die Websitebetreiber zusammenzustellen und um weitere mit der Nutzung dieser Webseite und der Internetnutzung verbundene Dienstleistungen zu erbringen.<\/p>\n\n\n\n<p>Auch wird Google diese Informationen gegebenenfalls an Dritte \u00fcbertragen, sofern dies gesetzlich vorgeschrieben oder soweit Dritte diese Daten im Auftrag von Google verarbeiten. Google wird in keinem Fall Ihre IP-Adresse mit anderen Daten von Google in Verbindung bringen. Sie k\u00f6nnen die Installation der Cookies durch eine entsprechende Einstellung Ihrer Browser Software verhindern. Wir weisen Sie jedoch darauf hin, dass Sie in diesem Fall gegebenenfalls nicht s\u00e4mtliche Funktionen dieser Website vollumf\u00e4nglich nutzen k\u00f6nnen (siehe auch oben unter dem Bereich \u201eCookies\u201c). Durch die Nutzung dieser Website erkl\u00e4ren Sie sich mit der Bearbeitung der \u00fcber Sie erhobenen Daten durch Google in der zuvor beschriebenen Art und Weise und zu dem zuvor benannten Zweck einverstanden.<\/p>\n\n\n\n<p>Der Datenerhebung und -speicherung kann jederzeit mit Wirkung f\u00fcr die Zukunft widersprochen werden. Sie k\u00f6nnen dieser Datenerhebung unter dem Link <a href=\"https:\/\/tools.google.com\/dlpage\/gaoptout?%20hl=de%20widersprechen\">https:\/\/tools.google.com\/dlpage\/gaoptout?%20hl=de%20widersprechen<\/a> .<br>Wir weisen darauf hin, dass diese Website Google Analytics mit der Erweiterung verwendet, dass die IP-Adressen nur gek\u00fcrzt von Google weiterverarbeitet werden, um eine direkte Personenbeziehbarkeit auszuschlie\u00dfen.<\/p>\n\n\n\n<p>Auskunftsrecht<br>Sie haben jederzeit ein Recht auf Auskunft sowie auf Berichtigung oder L\u00f6schung Ihrer gespeicherten personenbezogenen Daten. Sofern einer L\u00f6schung gesetzliche oder vertragliche Aufbewahrungsfristen oder sonstige gesetzlich verankerte Gr\u00fcnde entgegenstehen, erfolgt anstelle einer L\u00f6schung eine Sperrung Ihrer Daten.<\/p>\n\n\n\n<p>Entsprechende Anfragen bitten wir an die im \u201eImpressum\u201c angegebene Adresse zu richten. Die Auskunftserteilung erfolgt unentgeltlich.<\/p>\n","protected":false},"excerpt":{"rendered":"<p>Informationspflicht laut \u00a7 5 TMG. Am Rad-Haus GmbHB\u00fcrgermeisterstra\u00dfe 516321 Bernau,Deutschland UID-Nummer: DE341505717Register: HandelsregisterRegisternummer: HRB 18577Registergericht: Frankfurt (Oder) Gesch\u00e4ftsf\u00fchrer: Enrico K\u00fcbler Tel.: 033383405403E-Mail: info@am-rad-haus.de Haftung f\u00fcr Inhalte Als Diensteanbieter sind wir gem\u00e4\u00df \u00a7 7 Abs.1 TMG f\u00fcr eigene Inhalte auf diesen Seiten nach den allgemeinen Gesetzen verantwortlich. Nach \u00a7\u00a7 8 bis 10 TMG sind wir als [&hellip;]<\/p>\n","protected":false},"author":1,"featured_media":0,"parent":0,"menu_order":0,"comment_status":"closed","ping_status":"closed","template":"","meta":{"footnotes":""},"class_list":["post-65","page","type-page","status-publish","hentry"],"_links":{"self":[{"href":"https:\/\/am-rad-haus.de\/index.php?rest_route=\/wp\/v2\/pages\/65","targetHints":{"allow":["GET"]}}],"collection":[{"href":"https:\/\/am-rad-haus.de\/index.php?rest_route=\/wp\/v2\/pages"}],"about":[{"href":"https:\/\/am-rad-haus.de\/index.php?rest_route=\/wp\/v2\/types\/page"}],"author":[{"embeddable":true,"href":"https:\/\/am-rad-haus.de\/index.php?rest_route=\/wp\/v2\/users\/1"}],"replies":[{"embeddable":true,"href":"https:\/\/am-rad-haus.de\/index.php?rest_route=%2Fwp%2Fv2%2Fcomments&post=65"}],"version-history":[{"count":2,"href":"https:\/\/am-rad-haus.de\/index.php?rest_route=\/wp\/v2\/pages\/65\/revisions"}],"predecessor-version":[{"id":160,"href":"https:\/\/am-rad-haus.de\/index.php?rest_route=\/wp\/v2\/pages\/65\/revisions\/160"}],"wp:attachment":[{"href":"https:\/\/am-rad-haus.de\/index.php?rest_route=%2Fwp%2Fv2%2Fmedia&parent=65"}],"curies":[{"name":"wp","href":"https:\/\/api.w.org\/{rel}","templated":true}]}}