{"id":705,"date":"2024-11-20T18:04:07","date_gmt":"2024-11-20T18:04:07","guid":{"rendered":"https:\/\/am-rad-haus.de\/?page_id=705"},"modified":"2024-11-20T18:04:07","modified_gmt":"2024-11-20T18:04:07","slug":"finanzierung-2","status":"publish","type":"page","link":"https:\/\/am-rad-haus.de\/?page_id=705","title":{"rendered":"Finanzierung"},"content":{"rendered":"\n<div style=\"height:100px\" aria-hidden=\"true\" class=\"wp-block-spacer\"><\/div>\n\n\n\n<figure class=\"wp-block-image size-full\"><img loading=\"lazy\" decoding=\"async\" width=\"2560\" height=\"1245\" src=\"https:\/\/am-rad-haus.de\/wp-content\/uploads\/2024\/11\/Bildschirmfoto-2024-11-20-um-15.23.28-scaled.jpg\" alt=\"\" class=\"wp-image-712\" srcset=\"https:\/\/am-rad-haus.de\/wp-content\/uploads\/2024\/11\/Bildschirmfoto-2024-11-20-um-15.23.28-scaled.jpg 2560w, https:\/\/am-rad-haus.de\/wp-content\/uploads\/2024\/11\/Bildschirmfoto-2024-11-20-um-15.23.28-300x146.jpg 300w, https:\/\/am-rad-haus.de\/wp-content\/uploads\/2024\/11\/Bildschirmfoto-2024-11-20-um-15.23.28-1024x498.jpg 1024w, https:\/\/am-rad-haus.de\/wp-content\/uploads\/2024\/11\/Bildschirmfoto-2024-11-20-um-15.23.28-768x373.jpg 768w, https:\/\/am-rad-haus.de\/wp-content\/uploads\/2024\/11\/Bildschirmfoto-2024-11-20-um-15.23.28-1536x747.jpg 1536w, https:\/\/am-rad-haus.de\/wp-content\/uploads\/2024\/11\/Bildschirmfoto-2024-11-20-um-15.23.28-2048x996.jpg 2048w\" sizes=\"auto, (max-width: 2560px) 100vw, 2560px\" \/><\/figure>\n\n\n\n<div style=\"height:50px\" aria-hidden=\"true\" class=\"wp-block-spacer\"><\/div>\n\n\n\n<p><strong>Dein Traumrad \u2013 Jetzt flexibel finanzieren mit FINANCE A BIKE!<\/strong><\/p>\n\n\n\n<p>Du tr\u00e4umst von einem neuen Fahrrad, E-Bike oder Lastenrad, aber der Preis l\u00e4sst dich z\u00f6gern? Kein Problem! Mit einer ma\u00dfgeschneiderten Finanzierung von\u00a0FINANCE A BIKE\u00a0kannst du dein Wunschrad ganz einfach und flexibel finanzieren \u2013 und das ohne dein Budget zu sprengen.<\/p>\n\n\n\n<h3 class=\"wp-block-heading\"><strong>Warum eine Fahrrad-Finanzierung die perfekte L\u00f6sung ist<\/strong><\/h3>\n\n\n\n<ul class=\"wp-block-list\">\n<li><strong>Sofort losfahren<\/strong>: Mit der Finanzierung musst du nicht lange sparen. Hol dir dein Traumrad jetzt und zahle bequem in monatlichen Raten.<\/li>\n\n\n\n<li><strong>Flexibilit\u00e4t pur<\/strong>: W\u00e4hle eine Laufzeit, die zu deinem Leben passt \u2013 so bleibt deine finanzielle Freiheit erhalten.<\/li>\n\n\n\n<li><strong>G\u00fcnstige Konditionen<\/strong>: Profitiere von attraktiven Zinsen und transparenten Bedingungen \u2013 keine versteckten Kosten!<\/li>\n\n\n\n<li><strong>Mehr Mobilit\u00e4t, weniger Stress<\/strong>: Egal, ob f\u00fcr den Weg zur Arbeit, sportliche Touren oder umweltbewusste Familienausfl\u00fcge \u2013 dein neues Fahrrad steht dir sofort zur Verf\u00fcgung.<\/li>\n<\/ul>\n\n\n\n<h3 class=\"wp-block-heading\"><strong>Finance a Bike \u2013 Dein Partner f\u00fcr smarte Finanzierungen<\/strong><\/h3>\n\n\n\n<p>Dank der Partnerschaft mit\u00a0<strong><a href=\"https:\/\/www.financeabike.de\/#ratenrechner\">Finance\u00a0a\u00a0Bike<\/a><\/strong>\u00a0bieten wir dir eine unkomplizierte und sichere Finanzierungsl\u00f6sung. Der Prozess ist einfach:<\/p>\n\n\n\n<ol class=\"wp-block-list\">\n<li>W\u00e4hle dein Wunschfahrrad beim H\u00e4ndler deines Vertrauens.<\/li>\n\n\n\n<li>Beantrage die Finanzierung schnell und unkompliziert online.<\/li>\n\n\n\n<li>Nach Genehmigung kannst du direkt losradeln!<\/li>\n<\/ol>\n\n\n\n<p>Mit Finance a Bike genie\u00dft du au\u00dferdem exzellenten Kundenservice, volle Transparenz und ein breites Netzwerk an Fahrradpartnern.<\/p>\n\n\n\n<h3 class=\"wp-block-heading\"><strong>Starte jetzt durch!<\/strong><\/h3>\n\n\n\n<p>Warte nicht l\u00e4nger auf dein neues Fahrrad. Nutze die Vorteile der Finanzierung und erlebe Freiheit auf zwei R\u00e4dern \u2013 nachhaltig, bequem und finanziell entspannt.<\/p>\n\n\n\n<p><strong><a href=\"https:\/\/www.financeabike.de\/#\">>> Jetzt informieren und losradeln!<\/a><\/strong><\/p>\n","protected":false},"excerpt":{"rendered":"<p>Dein Traumrad \u2013 Jetzt flexibel finanzieren mit FINANCE A BIKE! Du tr\u00e4umst von einem neuen Fahrrad, E-Bike oder Lastenrad, aber der Preis l\u00e4sst dich z\u00f6gern? Kein Problem! Mit einer ma\u00dfgeschneiderten Finanzierung von\u00a0FINANCE A BIKE\u00a0kannst du dein Wunschrad ganz einfach und flexibel finanzieren \u2013 und das ohne dein Budget zu sprengen. Warum eine Fahrrad-Finanzierung die perfekte [&hellip;]<\/p>\n","protected":false},"author":1,"featured_media":0,"parent":0,"menu_order":0,"comment_status":"closed","ping_status":"closed","template":"","meta":{"footnotes":""},"class_list":["post-705","page","type-page","status-publish","hentry"],"_links":{"self":[{"href":"https:\/\/am-rad-haus.de\/index.php?rest_route=\/wp\/v2\/pages\/705","targetHints":{"allow":["GET"]}}],"collection":[{"href":"https:\/\/am-rad-haus.de\/index.php?rest_route=\/wp\/v2\/pages"}],"about":[{"href":"https:\/\/am-rad-haus.de\/index.php?rest_route=\/wp\/v2\/types\/page"}],"author":[{"embeddable":true,"href":"https:\/\/am-rad-haus.de\/index.php?rest_route=\/wp\/v2\/users\/1"}],"replies":[{"embeddable":true,"href":"https:\/\/am-rad-haus.de\/index.php?rest_route=%2Fwp%2Fv2%2Fcomments&post=705"}],"version-history":[{"count":8,"href":"https:\/\/am-rad-haus.de\/index.php?rest_route=\/wp\/v2\/pages\/705\/revisions"}],"predecessor-version":[{"id":716,"href":"https:\/\/am-rad-haus.de\/index.php?rest_route=\/wp\/v2\/pages\/705\/revisions\/716"}],"wp:attachment":[{"href":"https:\/\/am-rad-haus.de\/index.php?rest_route=%2Fwp%2Fv2%2Fmedia&parent=705"}],"curies":[{"name":"wp","href":"https:\/\/api.w.org\/{rel}","templated":true}]}}